{"id":141,"date":"2024-07-26T14:41:32","date_gmt":"2024-07-26T12:41:32","guid":{"rendered":"https:\/\/csapa.sys-develop.fr\/?page_id=141"},"modified":"2025-10-17T12:06:55","modified_gmt":"2025-10-17T10:06:55","slug":"referent-de-la-maison-d-arret-evreux","status":"publish","type":"page","link":"https:\/\/csapa.sys-develop.fr\/index.php\/nos-services\/referent-de-la-maison-d-arret-evreux\/","title":{"rendered":"R\u00e9f\u00e9rent de la Maison d&rsquo;Arr\u00eat d&rsquo;Evreux"},"content":{"rendered":"\n    \n    <section class=\"u-clearfix u-section-2\" id=\"sec-f63f\">\n      <div class=\"u-clearfix u-sheet u-valign-middle-lg u-valign-middle-md u-valign-middle-sm u-valign-middle-xs u-sheet-1\">\n        <h2 class=\"u-align-center u-text u-text-body-alt-color u-text-default u-text-1\" data-animation-name=\"customAnimationIn\" data-animation-duration=\"1500\"> CSAPA R\u00e9f\u00e9rent de la Maison d'Arr\u00eat d'Evreux <br>\n        <\/h2>\n        <p class=\"u-align-justify u-small-text u-text u-text-variant u-text-2\"> L\u2019activit\u00e9 \u00ab CSAPA r\u00e9f\u00e9rent \u00bb est\nd\u00e9di\u00e9e \u00e0 l\u2019am\u00e9lioration de l'accompagnement sanitaire et sociale des\npersonnes d\u00e9tenues en difficult\u00e9 avec leur consommation de substances\npsychoactives. L'objectif est de favoriser une continuit\u00e9 de soin et d\u2019accompagnement \u00e0 leur sortie\nde d\u00e9tention.&nbsp;La mission est assur\u00e9e par une \u00e9ducatrice sp\u00e9cialis\u00e9e d\u00e9tach\u00e9e \u00e0\nmi-temps et par un m\u00e9decin addictologue qui intervient deux demi-journ\u00e9es par\nsemaine.<\/p>\n      <\/div>\n    <\/section>\n    <section class=\"u-clearfix u-section-3\" id=\"sec-b30d\">\n      <div class=\"u-clearfix u-sheet u-valign-middle-lg u-valign-middle-md u-valign-middle-sm u-valign-middle-xs u-sheet-1\">\n        <div class=\"u-align-justify u-container-style u-group u-radius u-shape-round u-white u-group-1\">\n          <div class=\"u-container-layout u-container-layout-1\">\n            <p class=\"u-text u-text-default u-text-1\"> Les missions de la travailleuse sociale :<\/p>\n            <div class=\"u-rotation-parent u-rotation-parent-1\">\n              <img decoding=\"async\" class=\"u-image u-image-contain u-image-default u-preserve-proportions u-image-1\" src=\"https:\/\/csapa.sys-develop.fr\/wp-content\/uploads\/2024\/04\/symbole143.png\" alt=\"\" data-image-width=\"67\" data-image-height=\"99\">\n            <\/div>\n            <ul class=\"u-custom-list u-text u-text-2\">\n              <li>\n                <div class=\"u-list-icon u-list-icon-1\">\n                  <svg class=\"u-svg-content\" viewBox=\"0 0 448.011 448.011\" id=\"svg-8d27\"><path d=\"m438.731 209.463-416-192c-6.624-3.008-14.528-1.216-19.136 4.48-4.64 5.696-4.8 13.792-.384 19.648l136.8 182.4-136.8 182.4c-4.416 5.856-4.256 13.984.352 19.648 3.104 3.872 7.744 5.952 12.448 5.952 2.272 0 4.544-.48 6.688-1.472l416-192c5.696-2.624 9.312-8.288 9.312-14.528s-3.616-11.904-9.28-14.528z\" fill=\"currentColor\"><\/path><\/svg>\n                <\/div>Rencontrer les d\u00e9tenus pr\u00e9sentant une\n     consommation probl\u00e9matique de substances licites ou illicites et d'\u00e9valuer leurs besoins en termes de prise en charge m\u00e9dico-sociale \u00e0 leur sortie.\n              <\/li>\n              <li>\n                <div class=\"u-list-icon u-list-icon-2\">\n                  <svg class=\"u-svg-content\" viewBox=\"0 0 448.011 448.011\" id=\"svg-8d27\"><path d=\"m438.731 209.463-416-192c-6.624-3.008-14.528-1.216-19.136 4.48-4.64 5.696-4.8 13.792-.384 19.648l136.8 182.4-136.8 182.4c-4.416 5.856-4.256 13.984.352 19.648 3.104 3.872 7.744 5.952 12.448 5.952 2.272 0 4.544-.48 6.688-1.472l416-192c5.696-2.624 9.312-8.288 9.312-14.528s-3.616-11.904-9.28-14.528z\" fill=\"currentColor\"><\/path><\/svg>\n                <\/div>Assurer le lien entre les diff\u00e9rents\n     intervenants impliqu\u00e9s dans le projet de soin des d\u00e9tenus.\n              <\/li>\n              <li>\n                <div class=\"u-list-icon u-list-icon-3\">\n                  <svg class=\"u-svg-content\" viewBox=\"0 0 448.011 448.011\" id=\"svg-8d27\"><path d=\"m438.731 209.463-416-192c-6.624-3.008-14.528-1.216-19.136 4.48-4.64 5.696-4.8 13.792-.384 19.648l136.8 182.4-136.8 182.4c-4.416 5.856-4.256 13.984.352 19.648 3.104 3.872 7.744 5.952 12.448 5.952 2.272 0 4.544-.48 6.688-1.472l416-192c5.696-2.624 9.312-8.288 9.312-14.528s-3.616-11.904-9.28-14.528z\" fill=\"currentColor\"><\/path><\/svg>\n                <\/div>Favoriser la poursuite de l\u2019accompagnement\n     et de la prise en charge en mati\u00e8re de conduites addictives \u00e0 la sortie de\n     d\u00e9tention (suivi ambulatoire, soins r\u00e9sidentiels\u2026)\n              <\/li>\n              <li>\n                <div class=\"u-list-icon u-list-icon-4\">\n                  <svg class=\"u-svg-content\" viewBox=\"0 0 448.011 448.011\" id=\"svg-8d27\"><path d=\"m438.731 209.463-416-192c-6.624-3.008-14.528-1.216-19.136 4.48-4.64 5.696-4.8 13.792-.384 19.648l136.8 182.4-136.8 182.4c-4.416 5.856-4.256 13.984.352 19.648 3.104 3.872 7.744 5.952 12.448 5.952 2.272 0 4.544-.48 6.688-1.472l416-192c5.696-2.624 9.312-8.288 9.312-14.528s-3.616-11.904-9.28-14.528z\" fill=\"currentColor\"><\/path><\/svg>\n                <\/div>Faciliter la mise en contact des d\u00e9tenus avec\n     les structures de soin ext\u00e9rieurs.\n              <\/li>\n              <li>\n                <div class=\"u-list-icon u-list-icon-1\">\n                  <svg class=\"u-svg-content\" viewBox=\"0 0 448.011 448.011\" id=\"svg-8d27\"><path d=\"m438.731 209.463-416-192c-6.624-3.008-14.528-1.216-19.136 4.48-4.64 5.696-4.8 13.792-.384 19.648l136.8 182.4-136.8 182.4c-4.416 5.856-4.256 13.984.352 19.648 3.104 3.872 7.744 5.952 12.448 5.952 2.272 0 4.544-.48 6.688-1.472l416-192c5.696-2.624 9.312-8.288 9.312-14.528s-3.616-11.904-9.28-14.528z\" fill=\"currentColor\"><\/path><\/svg>\n                <\/div>Participer \u00e0 l'animation d'interventions collectives&nbsp;(Caf\u00e9 Sant\u00e9, Forum Sant\u00e9...) au sein de la Maison d'arr\u00eat.\n              <\/li>\n            <\/ul>\n          <\/div>\n        <\/div>\n        <div class=\"u-shape u-shape-svg u-text-color-var u-shape-1\">\n          <svg class=\"u-svg-link\" preserveAspectRatio=\"none\" viewBox=\"0 0 160 160\" style=\"\"><use xlink:href=\"#svg-9747\"><\/use><\/svg>\n          <svg class=\"u-svg-content\" viewBox=\"0 0 160 160\" x=\"0px\" y=\"0px\" id=\"svg-9747\" style=\"enable-background:new 0 0 160 160;\"><path d=\"M80,30c27.6,0,50,22.4,50,50s-22.4,50-50,50s-50-22.4-50-50S52.4,30,80,30 M80,0C35.8,0,0,35.8,0,80s35.8,80,80,80\n\ts80-35.8,80-80S124.2,0,80,0L80,0z\"><\/path><\/svg>\n        <\/div>\n        <div class=\"u-border-5 u-border-palette-1-light-1 u-image u-image-circle u-image-2\" alt=\"\" data-image-width=\"2560\" data-image-height=\"1440\" style=\"background-image: url(&quot;https:\/\/csapa.sys-develop.fr\/wp-content\/uploads\/2025\/09\/DSC01141-scaled.jpg&quot;);\"><\/div>\n        <img decoding=\"async\" class=\"u-image u-image-contain u-image-default u-preserve-proportions u-image-3\" src=\"https:\/\/csapa.sys-develop.fr\/wp-content\/uploads\/2024\/04\/symbole162.png\" alt=\"\" data-image-width=\"82\" data-image-height=\"120\" data-animation-name=\"customAnimationIn\" data-animation-duration=\"1000\" data-animation-delay=\"0\">\n        <div class=\"custom-expanded u-align-justify u-border-5 u-border-custom-color-19 u-container-align-center u-container-style u-group u-radius u-shape-round u-white u-group-2\">\n          <div class=\"u-container-layout u-valign-middle u-container-layout-2\">\n            <p class=\"u-text u-text-default u-text-3\">Le \u200bm\u00e9decin addictologue re\u00e7oit en consultation les patients confront\u00e9s \u00e0 une probl\u00e9matique addictive n\u00e9cessitant la mise en place ou la continuit\u00e9 d'un traitement m\u00e9dicamenteux d\u00e8s leur arriv\u00e9e en d\u00e9tention.&nbsp;Une prise en charge m\u00e9dicale qui se fait sur orientation des infirmiers de l'Unit\u00e9 Sanitaire en Milieu P\u00e9nitentiaire.<\/p>\n          <\/div>\n        <\/div>\n      <\/div>\n    <\/section>\n    <section class=\"u-clearfix u-container-align-center u-section-4\" id=\"block-1\">\n      <div class=\"u-clearfix u-sheet u-valign-middle-lg u-valign-middle-md u-valign-middle-sm u-valign-middle-xs u-sheet-1\">\n        <div class=\"u-expanded-width u-list u-list-1\">\n          <div class=\"u-repeater u-repeater-1\">\n            <div class=\"u-container-style u-list-item u-repeater-item\">\n              <div class=\"u-container-layout u-similar-container u-valign-top-lg u-valign-top-md u-valign-top-sm u-valign-top-xs u-container-layout-1\">\n                <img decoding=\"async\" alt=\"\" class=\"custom-expanded u-align-center u-image u-image-default u-image-1\" data-image-width=\"128\" data-image-height=\"128\" src=\"https:\/\/csapa.sys-develop.fr\/wp-content\/uploads\/2025\/07\/6967748.png\">\n                <h4 class=\"u-text u-text-default u-text-1\">Public<\/h4>\n                <p class=\"u-align-center u-custom-item u-text u-text-2\"> Toute personne incarc\u00e9r\u00e9e \u00e0 la Maison d'Arr\u00eat d'Evreux confront\u00e9e \u00e0 des probl\u00e9matiques addictives.<br>\n                  <br>\n                <\/p>\n              <\/div>\n            <\/div>\n            <div class=\"u-container-style u-list-item u-repeater-item\">\n              <div class=\"u-container-layout u-similar-container u-valign-top-lg u-valign-top-md u-valign-top-sm u-valign-top-xs u-container-layout-2\">\n                <img decoding=\"async\" alt=\"\" class=\"u-align-center u-image u-image-default u-image-2\" data-image-width=\"128\" data-image-height=\"128\" src=\"https:\/\/csapa.sys-develop.fr\/wp-content\/uploads\/2025\/07\/5455371.png\">\n                <h4 class=\"u-text u-text-default u-text-3\">Modalit\u00e9s<\/h4>\n                <p class=\"u-align-center u-custom-item u-text u-text-4\">La personne d\u00e9tenue r\u00e9alise sa demande par courrier ou sur orientation&nbsp; des professionnels intervenant en d\u00e9tention.<br>\n                <\/p>\n              <\/div>\n            <\/div>\n            <div class=\"u-align-center u-container-align-center u-container-style u-list-item u-repeater-item\">\n              <div class=\"u-container-layout u-similar-container u-valign-top-lg u-valign-top-md u-valign-top-sm u-valign-top-xs u-container-layout-3\">\n                <img decoding=\"async\" alt=\"\" class=\"u-align-center u-image u-image-default u-image-3\" data-image-width=\"128\" data-image-height=\"128\" src=\"https:\/\/csapa.sys-develop.fr\/wp-content\/uploads\/2025\/07\/552489.png\">\n                <h4 class=\"u-text u-text-default u-text-5\">Marion PILLARD <\/h4>\n                <p class=\"u-align-center u-custom-item u-text u-text-6\"> Educatrice sp\u00e9cialis\u00e9e<br>02 32 62 00 62&nbsp;<br>\n                  <br>\n                <\/p>\n              <\/div>\n            <\/div>\n          <\/div>\n        <\/div>\n      <\/div>\n    <\/section>\n    \n    \n    \n  \n","protected":false},"excerpt":{"rendered":"<p>CSAPA R\u00e9f\u00e9rent de la Maison d&rsquo;Arr\u00eat d&rsquo;Evreux L\u2019activit\u00e9 \u00ab CSAPA r\u00e9f\u00e9rent \u00bb est d\u00e9di\u00e9e \u00e0 l\u2019am\u00e9lioration de l&rsquo;accompagnement sanitaire et sociale des personnes d\u00e9tenues en difficult\u00e9 avec leur consommation de substances psychoactives. L&rsquo;objectif est de favoriser une continuit\u00e9 de soin et d\u2019accompagnement \u00e0 leur sortie de d\u00e9tention.&nbsp;La mission est assur\u00e9e par une \u00e9ducatrice sp\u00e9cialis\u00e9e d\u00e9tach\u00e9e &hellip; <a href=\"https:\/\/csapa.sys-develop.fr\/index.php\/nos-services\/referent-de-la-maison-d-arret-evreux\/\" class=\"more-link\">Continue reading<span class=\"screen-reader-text\"> \u00ab\u00a0R\u00e9f\u00e9rent de la Maison d&rsquo;Arr\u00eat d&rsquo;Evreux\u00a0\u00bb<\/span><\/a><\/p>\n","protected":false},"author":1,"featured_media":0,"parent":48,"menu_order":0,"comment_status":"closed","ping_status":"closed","template":"","meta":{"footnotes":""},"class_list":["post-141","page","type-page","status-publish","hentry"],"_links":{"self":[{"href":"https:\/\/csapa.sys-develop.fr\/index.php\/wp-json\/wp\/v2\/pages\/141","targetHints":{"allow":["GET"]}}],"collection":[{"href":"https:\/\/csapa.sys-develop.fr\/index.php\/wp-json\/wp\/v2\/pages"}],"about":[{"href":"https:\/\/csapa.sys-develop.fr\/index.php\/wp-json\/wp\/v2\/types\/page"}],"author":[{"embeddable":true,"href":"https:\/\/csapa.sys-develop.fr\/index.php\/wp-json\/wp\/v2\/users\/1"}],"replies":[{"embeddable":true,"href":"https:\/\/csapa.sys-develop.fr\/index.php\/wp-json\/wp\/v2\/comments?post=141"}],"version-history":[{"count":27,"href":"https:\/\/csapa.sys-develop.fr\/index.php\/wp-json\/wp\/v2\/pages\/141\/revisions"}],"predecessor-version":[{"id":1264,"href":"https:\/\/csapa.sys-develop.fr\/index.php\/wp-json\/wp\/v2\/pages\/141\/revisions\/1264"}],"up":[{"embeddable":true,"href":"https:\/\/csapa.sys-develop.fr\/index.php\/wp-json\/wp\/v2\/pages\/48"}],"wp:attachment":[{"href":"https:\/\/csapa.sys-develop.fr\/index.php\/wp-json\/wp\/v2\/media?parent=141"}],"curies":[{"name":"wp","href":"https:\/\/api.w.org\/{rel}","templated":true}]}}