{"id":162,"date":"2024-07-26T14:52:45","date_gmt":"2024-07-26T12:52:45","guid":{"rendered":"https:\/\/csapa.sys-develop.fr\/?page_id=162"},"modified":"2025-10-21T15:37:22","modified_gmt":"2025-10-21T13:37:22","slug":"tapaj","status":"publish","type":"page","link":"https:\/\/csapa.sys-develop.fr\/index.php\/nos-services\/tapaj\/","title":{"rendered":"Tapaj"},"content":{"rendered":"\n    \n    <section class=\"u-clearfix u-section-2\" id=\"sec-942e\">\n      <div class=\"u-clearfix u-sheet u-sheet-1\">\n        <h2 class=\"u-align-center u-text u-text-body-alt-color u-text-default u-text-1\" data-animation-name=\"customAnimationIn\" data-animation-duration=\"1500\"> TAPAJ <\/h2>\n        <h3 class=\"u-align-center u-text u-text-default u-text-2\">L'accompagnement<\/h3>\n        <img decoding=\"async\" class=\"u-image u-image-default u-preserve-proportions u-image-1\" src=\"https:\/\/csapa.sys-develop.fr\/wp-content\/uploads\/2024\/04\/symbole12.svg\" alt=\"\" data-image-width=\"100\" data-image-height=\"100\">\n        <p class=\"u-align-justify u-text u-text-3\"> Le dispositif Travail Alternatif Pay\u00e9 A la Journ\u00e9e (TAPAJ) est port\u00e9 par une \u00e9quipe compos\u00e9e d\u2019un\nr\u00e9f\u00e9rent et d\u2019une coordinatrice, dont la mission est de r\u00e9-ins\u00e9rer les jeunes\nen difficult\u00e9s et de d\u00e9velopper leur pouvoir d\u2019agir.&nbsp;<br>\n        <\/p>\n        <p class=\"u-align-justify u-text u-text-4\"> L\u2019\u00e9quipe est constamment en lien avec Contact Service,\nl\u2019association interm\u00e9diaire qui est juridiquement l\u2019employeur du jeune et\nassure sa r\u00e9mun\u00e9ration.&nbsp; &nbsp;<\/p>\n      <\/div>\n    <\/section>\n    <section class=\"u-clearfix u-container-align-center u-section-3\" id=\"sec-892b\">\n      <div class=\"u-clearfix u-sheet u-valign-top-md u-valign-top-sm u-valign-top-xs u-sheet-1\">\n        <div class=\"data-layout-selected u-clearfix u-expanded-width u-gutter-0 u-layout-wrap u-layout-wrap-1\">\n          <div class=\"u-layout\" style=\"\">\n            <div class=\"u-layout-row\" style=\"\">\n              <div class=\"u-align-justify u-container-style u-layout-cell u-left-cell u-radius u-shape-round u-size-30 u-size-xs-60 u-white u-layout-cell-1\" src=\"\">\n                <div class=\"u-container-layout u-container-layout-1\">\n                  <div class=\"u-rotation-parent u-rotation-parent-1\">\n                    <img decoding=\"async\" class=\"u-image u-image-contain u-image-default u-preserve-proportions u-image-1\" src=\"https:\/\/csapa.sys-develop.fr\/wp-content\/uploads\/2024\/04\/symbole143.png\" alt=\"\" data-image-width=\"67\" data-image-height=\"99\">\n                  <\/div>\n                  <p class=\"u-text u-text-custom-color-12 u-text-1\">Le r\u00e9f\u00e9rent accompagne les jeunes sur des chantiers dans\nune dynamique de \u00ab&nbsp;faire avec&nbsp;\u00bb, qui valorise leurs capacit\u00e9s. Cela\nest rendu possible par la coop\u00e9ration avec des partenaires employeurs qui\nproposent des missions en sessions de 4h maximum. La particularit\u00e9 est que la\nr\u00e9mun\u00e9ration a lieu en fin de contrat, dans la journ\u00e9e. <br>\n                    <br>En parall\u00e8le, le r\u00e9f\u00e9rent accompagne le jeune afin de faire le point sur sa\nsituation administrative, m\u00e9dicale et sociale, avant de travailler sur le\nprojet professionnel. Au cours de l\u2019accompagnement, il est propos\u00e9 au jeune\nd\u2019adh\u00e9rer \u00e0 un parcours de soins avec le CSAPA Parenth\u00e8se pour aller plus loin\nque la pr\u00e9vention et la r\u00e9duction des risques.&nbsp;\n                  <\/p>\n                  <a href=\"https:\/\/tapaj.org\/\" class=\"u-active-none u-align-center u-border-2 u-border-custom-color-13 u-border-no-left u-border-no-right u-border-no-top u-btn u-btn-rectangle u-button-style u-hover-none u-none u-btn-1\">En apprendre plus<\/a>\n                <\/div>\n              <\/div>\n              <div class=\"u-align-center u-container-align-center u-container-style u-layout-cell u-right-cell u-size-30 u-size-xs-60 u-layout-cell-2\" src=\"\">\n                <div class=\"u-container-layout u-container-layout-2\" src=\"\">\n                  <div class=\"u-preserve-proportions u-shape u-shape-circle u-white u-shape-1\"><\/div>\n                  <img decoding=\"async\" class=\"u-border-5 u-border-color-var u-image u-image-round u-radius u-image-2\" src=\"https:\/\/csapa.sys-develop.fr\/wp-content\/uploads\/2024\/11\/20230406_112131-1152x1536.jpg\" alt=\"\" data-image-width=\"1140\" data-image-height=\"1520\">\n                  <img decoding=\"async\" class=\"u-border-4 u-border-no-left u-border-no-top u-border-white u-image u-image-round u-radius u-image-3\" src=\"https:\/\/csapa.sys-develop.fr\/wp-content\/uploads\/2024\/11\/20230406_103212-1152x1536.jpg\" alt=\"\" data-image-width=\"1140\" data-image-height=\"1520\">\n                  <img decoding=\"async\" class=\"u-image u-image-contain u-image-default u-preserve-proportions u-image-4\" src=\"https:\/\/csapa.sys-develop.fr\/wp-content\/uploads\/2024\/04\/symbole162.png\" alt=\"\" data-image-width=\"82\" data-image-height=\"120\">\n                <\/div>\n              <\/div>\n            <\/div>\n          <\/div>\n        <\/div>\n      <\/div>\n    <\/section>\n    <section class=\"u-align-center u-clearfix u-container-align-center u-section-4\" id=\"sec-b9f4\">\n      <div class=\"u-align-left u-clearfix u-sheet u-sheet-1\">\n        <div class=\"u-expanded-width u-list u-list-1\">\n          <div class=\"u-repeater u-repeater-1\">\n            <div class=\"u-align-center u-container-align-center u-container-style u-list-item u-repeater-item\">\n              <div class=\"u-container-layout u-similar-container u-valign-top-lg u-valign-top-md u-valign-top-sm u-valign-top-xs u-container-layout-1\"><span class=\"u-align-center u-file-icon u-icon u-icon-1\"><img decoding=\"async\" src=\"https:\/\/csapa.sys-develop.fr\/wp-content\/uploads\/2025\/07\/6967748.png\" alt=\"\"><\/span>\n                <h3 class=\"u-text u-text-default u-text-1\">Public<\/h3>\n                <p class=\"u-text u-text-2\"> Les jeunes de 16 \u00e0 25 ans,<br>avec pratiques\naddictives,<br>en situation de pr\u00e9carit\u00e9.\n                <\/p>\n              <\/div>\n            <\/div>\n            <div class=\"u-align-center u-container-align-center u-container-style u-list-item u-repeater-item\">\n              <div class=\"u-container-layout u-similar-container u-valign-top-lg u-valign-top-md u-valign-top-sm u-valign-top-xs u-container-layout-2\"><span class=\"u-align-center u-file-icon u-icon u-icon-2\"><img decoding=\"async\" src=\"https:\/\/csapa.sys-develop.fr\/wp-content\/uploads\/2025\/10\/5455371.png\" alt=\"\"><\/span>\n                <h3 class=\"u-text u-text-default u-text-3\"> Admission<\/h3>\n                <p class=\"u-text u-text-4\"> A la demande du jeune ou&nbsp;<br>de son entourage.&nbsp;<br>Le r\u00e9f\u00e9rent va aussi \u00e0 la rencontre du public pour proposer l'accompagnement.&nbsp;\n                <\/p>\n              <\/div>\n            <\/div>\n            <div class=\"u-align-center u-container-align-center u-container-style u-list-item u-repeater-item\">\n              <div class=\"u-container-layout u-similar-container u-valign-top-lg u-valign-top-md u-valign-top-sm u-valign-top-xs u-container-layout-3\"><span class=\"u-align-center u-file-icon u-icon u-icon-3\"><img decoding=\"async\" src=\"https:\/\/csapa.sys-develop.fr\/wp-content\/uploads\/2025\/10\/552489.png\" alt=\"\"><\/span>\n                <h3 class=\"u-text u-text-default u-text-5\"> Jadd DYDA<\/h3>\n                <p class=\"u-text u-text-6\">R\u00e9f\u00e9rent TAPAJ<br>07 71 79 80 37<br>02 32 62 00 62<br>jadd.dyda@nh-navarre.f\u200br\n                <\/p>\n              <\/div>\n            <\/div>\n          <\/div>\n        <\/div>\n      <\/div>\n    <\/section>\n    \n    \n    \n  \n","protected":false},"excerpt":{"rendered":"<p>TAPAJ L&rsquo;accompagnement Le dispositif Travail Alternatif Pay\u00e9 A la Journ\u00e9e (TAPAJ) est port\u00e9 par une \u00e9quipe compos\u00e9e d\u2019un r\u00e9f\u00e9rent et d\u2019une coordinatrice, dont la mission est de r\u00e9-ins\u00e9rer les jeunes en difficult\u00e9s et de d\u00e9velopper leur pouvoir d\u2019agir.&nbsp; L\u2019\u00e9quipe est constamment en lien avec Contact Service, l\u2019association interm\u00e9diaire qui est juridiquement l\u2019employeur du jeune et &hellip; <a href=\"https:\/\/csapa.sys-develop.fr\/index.php\/nos-services\/tapaj\/\" class=\"more-link\">Continue reading<span class=\"screen-reader-text\"> \u00ab\u00a0Tapaj\u00a0\u00bb<\/span><\/a><\/p>\n","protected":false},"author":1,"featured_media":0,"parent":48,"menu_order":0,"comment_status":"closed","ping_status":"closed","template":"","meta":{"footnotes":""},"class_list":["post-162","page","type-page","status-publish","hentry"],"_links":{"self":[{"href":"https:\/\/csapa.sys-develop.fr\/index.php\/wp-json\/wp\/v2\/pages\/162","targetHints":{"allow":["GET"]}}],"collection":[{"href":"https:\/\/csapa.sys-develop.fr\/index.php\/wp-json\/wp\/v2\/pages"}],"about":[{"href":"https:\/\/csapa.sys-develop.fr\/index.php\/wp-json\/wp\/v2\/types\/page"}],"author":[{"embeddable":true,"href":"https:\/\/csapa.sys-develop.fr\/index.php\/wp-json\/wp\/v2\/users\/1"}],"replies":[{"embeddable":true,"href":"https:\/\/csapa.sys-develop.fr\/index.php\/wp-json\/wp\/v2\/comments?post=162"}],"version-history":[{"count":9,"href":"https:\/\/csapa.sys-develop.fr\/index.php\/wp-json\/wp\/v2\/pages\/162\/revisions"}],"predecessor-version":[{"id":1269,"href":"https:\/\/csapa.sys-develop.fr\/index.php\/wp-json\/wp\/v2\/pages\/162\/revisions\/1269"}],"up":[{"embeddable":true,"href":"https:\/\/csapa.sys-develop.fr\/index.php\/wp-json\/wp\/v2\/pages\/48"}],"wp:attachment":[{"href":"https:\/\/csapa.sys-develop.fr\/index.php\/wp-json\/wp\/v2\/media?parent=162"}],"curies":[{"name":"wp","href":"https:\/\/api.w.org\/{rel}","templated":true}]}}