{"id":48,"date":"2024-04-17T18:46:20","date_gmt":"2024-04-17T16:46:20","guid":{"rendered":"http:\/\/csapa.sys-develop.fr\/index.php\/nos-services\/"},"modified":"2025-10-09T16:28:16","modified_gmt":"2025-10-09T14:28:16","slug":"nos-services","status":"publish","type":"page","link":"https:\/\/csapa.sys-develop.fr\/index.php\/nos-services\/","title":{"rendered":"Nos Services"},"content":{"rendered":"\n    \n    <section class=\"u-clearfix u-section-2\" id=\"Offre_ambulatoire\">\n      <div class=\"u-clearfix u-sheet u-sheet-1\">\n        <h2 class=\"u-align-left u-text u-text-body-alt-color u-text-1\" data-animation-name=\"customAnimationIn\" data-animation-duration=\"1500\">Nos&nbsp;services <\/h2>\n        <div class=\"data-layout-selected u-clearfix u-expanded-width-md u-expanded-width-sm u-expanded-width-xs u-layout-wrap u-layout-wrap-1\">\n          <div class=\"u-layout\">\n            <div class=\"u-layout-row\">\n              <div class=\"u-align-left u-container-align-left u-container-style u-layout-cell u-right-cell u-size-27 u-layout-cell-1\">\n                <div class=\"u-container-layout u-container-layout-1\">\n                  <h1 class=\"u-custom-font u-font-roboto u-text u-text-custom-color-3 u-text-2\">L'offre ambulatoire<a href=\"https:\/\/csapa.sys-develop.fr\/index.php\/nos-services\/#carousel_4ad6\">\n                      <br>\n                    <\/a>\n                  <\/h1>\n                  <ul class=\"u-text u-text-3\">\n                    <li>Accueil et accompagnement <\/li>\n                    <li> Programme de substitution aux Opiac\u00e9s <\/li>\n                    <li> Les soins oblig\u00e9s <\/li>\n                    <li> L'aide \u00e0 l'arr\u00eat du tabac<br>\n                    <\/li>\n                    <li> L\u2019accueil de l\u2019entourage<br>\n                    <\/li>\n                    <li> Les activit\u00e9s collectives<\/li>\n                    <li>Pr\u00e9vention et RdRD<\/li>\n                  <\/ul>\n                  <a href=\"https:\/\/csapa.sys-develop.fr\/index.php\/nos-services\/offre-ambulatoire\/\" class=\"u-active-palette-1-base u-border-0 u-btn u-button-style u-hover-palette-1-base u-palette-1-light-1 u-btn-1\">En savoir plus<\/a>\n                  <img decoding=\"async\" class=\"u-hover-feature u-image u-image-contain u-image-default u-preserve-proportions u-image-1\" src=\"https:\/\/csapa.sys-develop.fr\/wp-content\/uploads\/2024\/04\/symbole152.png\" alt=\"\" data-image-width=\"72\" data-image-height=\"82\">\n                <\/div>\n              <\/div>\n              <div class=\"u-container-style u-layout-cell u-left-cell u-size-33 u-layout-cell-2\">\n                <div class=\"u-container-layout u-container-layout-2\">\n                  <div class=\"u-shape u-shape-svg u-text-custom-color-3 u-shape-1\">\n                    <svg class=\"u-svg-link\" preserveAspectRatio=\"none\" viewBox=\"0 0 160 160\" style=\"\"><use xmlns:xlink=\"http:\/\/www.w3.org\/1999\/xlink\" xlink:href=\"#svg-d73d\"><\/use><\/svg>\n                    <svg class=\"u-svg-content\" viewBox=\"0 0 160 160\" x=\"0px\" y=\"0px\" id=\"svg-d73d\" style=\"enable-background:new 0 0 160 160;\"><path d=\"M80,30c27.6,0,50,22.4,50,50s-22.4,50-50,50s-50-22.4-50-50S52.4,30,80,30 M80,0C35.8,0,0,35.8,0,80s35.8,80,80,80\n\ts80-35.8,80-80S124.2,0,80,0L80,0z\"><\/path><\/svg>\n                  <\/div>\n                  <div class=\"u-border-16 u-border-white u-image u-image-circle u-image-2\" data-image-width=\"2560\" data-image-height=\"1440\" style=\"background-image: url(&quot;https:\/\/csapa.sys-develop.fr\/wp-content\/uploads\/2025\/07\/DSC00986-scaled.jpg&quot;);\"><\/div>\n                  <div class=\"u-preserve-proportions u-shape u-shape-circle u-white u-shape-2\"><\/div>\n                <\/div>\n              <\/div>\n            <\/div>\n          <\/div>\n        <\/div>\n      <\/div>\n      \n    <\/section>\n    <section class=\"u-clearfix u-palette-1-light-2 u-section-3\" id=\"Consultation_jeunes_consommateurs\">\n      <div class=\"u-clearfix u-sheet u-sheet-1\">\n        <div class=\"u-border-10 u-border-white u-image u-image-circle u-image-1\" data-image-width=\"1205\" data-image-height=\"678\" style=\"background-image: url(&quot;https:\/\/csapa.sys-develop.fr\/wp-content\/uploads\/2025\/07\/CJC.png&quot;);\"><\/div>\n        <div class=\"u-border-20 u-border-white u-image u-image-circle u-image-2\" data-image-width=\"626\" data-image-height=\"417\" style=\"background-image: url(&quot;https:\/\/csapa.sys-develop.fr\/wp-content\/uploads\/2025\/10\/IllustrationCJC.png&quot;);\"><\/div>\n        <div class=\"u-shape u-shape-svg u-text-palette-3-light-2 u-shape-1\">\n          <svg class=\"u-svg-link\" preserveAspectRatio=\"none\" viewBox=\"0 0 160 160\" style=\"\"><use xmlns:xlink=\"http:\/\/www.w3.org\/1999\/xlink\" xlink:href=\"#svg-525f\"><\/use><\/svg>\n          <svg class=\"u-svg-content\" viewBox=\"0 0 160 160\" x=\"0px\" y=\"0px\" id=\"svg-525f\" style=\"enable-background:new 0 0 160 160;\"><path d=\"M80,30c27.6,0,50,22.4,50,50s-22.4,50-50,50s-50-22.4-50-50S52.4,30,80,30 M80,0C35.8,0,0,35.8,0,80s35.8,80,80,80\n\ts80-35.8,80-80S124.2,0,80,0L80,0z\"><\/path><\/svg>\n        <\/div>\n        <h1 class=\"u-custom-font u-font-roboto u-text u-text-palette-1-dark-1 u-text-1\"> La Consultation Jeunes Consommateurs<\/h1>\n        <div class=\"u-shape u-shape-svg u-text-white u-shape-2\">\n          <svg class=\"u-svg-link\" preserveAspectRatio=\"none\" viewBox=\"0 0 160 160\" style=\"\"><use xmlns:xlink=\"http:\/\/www.w3.org\/1999\/xlink\" xlink:href=\"#svg-1186\"><\/use><\/svg>\n          <svg class=\"u-svg-content\" viewBox=\"0 0 160 160\" x=\"0px\" y=\"0px\" id=\"svg-1186\" style=\"enable-background:new 0 0 160 160;\"><path d=\"M80,30c27.6,0,50,22.4,50,50s-22.4,50-50,50s-50-22.4-50-50S52.4,30,80,30 M80,0C35.8,0,0,35.8,0,80s35.8,80,80,80\n\ts80-35.8,80-80S124.2,0,80,0L80,0z\"><\/path><\/svg>\n        <\/div>\n        <div class=\"u-align-center u-container-align-center u-container-style u-expanded-width u-group u-shape-rectangle u-group-1\">\n          <div class=\"u-container-layout u-container-layout-1\">\n            <p class=\"u-text u-text-palette-1-dark-2 u-text-2\">Ce dispositif d\u2019aide anonyme et gratuit s\u2019adresse aux jeunes de 12 \u00e0 25 ans ou \u00e0 leur entourage qui souhaitent faire un point sur leurs consommations ou pratiques addictives en proposant \u00e9ventuellement une aide avant que celles-ci ne deviennent probl\u00e9matiques.<\/p>\n            <a href=\"https:\/\/csapa.sys-develop.fr\/index.php\/srv_consul_jeunes_conso\/\" class=\"u-align-center u-border-none u-btn u-button-style u-hover-palette-1-dark-1 u-palette-1-light-1 u-text-active-black u-btn-1\">EN SAVOIR PLUS<\/a>\n          <\/div>\n        <\/div>\n      <\/div>\n    <\/section>\n    <section class=\"u-align-right u-clearfix u-container-align-right u-section-4\" id=\"hebergement_therapeutique\">\n      <div class=\"u-clearfix u-sheet u-valign-middle-xl u-valign-middle-xs u-sheet-1\">\n        <div class=\"data-layout-selected u-clearfix u-expanded-width-md u-expanded-width-sm u-expanded-width-xs u-layout-wrap u-layout-wrap-1\">\n          <div class=\"u-layout\">\n            <div class=\"u-layout-row\">\n              <div class=\"u-container-align-left u-container-style u-layout-cell u-right-cell u-size-27 u-layout-cell-1\">\n                <div class=\"u-container-layout u-valign-bottom-sm u-container-layout-1\">\n                  <h1 class=\"u-align-left u-custom-font u-font-roboto u-text u-text-custom-color-2 u-text-1\"> L\u2019h\u00e9bergement en appartement th\u00e9rapeutique<br>\n                  <\/h1>\n                  <p class=\"u-align-justify u-text u-text-2\"> Le CSAPA dispose sur Evreux de 12 places en appartements th\u00e9rapeutiques dont 4 places r\u00e9serv\u00e9es aux personnes sortant de d\u00e9tention.&nbsp;<br>\n                  <\/p>\n                  <a href=\"https:\/\/csapa.sys-develop.fr\/index.php\/nos-services\/hebergement-en-appartement-therapeutique\/\" class=\"u-active-palette-1-base u-border-0 u-btn u-button-style u-hover-palette-1-base u-palette-1-light-1 u-btn-1\">En savoir plus<\/a>\n                  <img decoding=\"async\" class=\"u-align-center-sm u-align-center-xs u-hover-feature u-image u-image-contain u-image-default u-preserve-proportions u-image-1\" src=\"https:\/\/csapa.sys-develop.fr\/wp-content\/uploads\/2024\/04\/symbole162.png\" alt=\"\" data-image-width=\"82\" data-image-height=\"120\">\n                <\/div>\n              <\/div>\n              <div class=\"u-container-style u-layout-cell u-left-cell u-size-33 u-layout-cell-2\">\n                <div class=\"u-container-layout u-container-layout-2\">\n                  <div class=\"u-preserve-proportions u-shape u-shape-circle u-white u-shape-1\"><\/div>\n                  <div class=\"u-shape u-shape-svg u-text-custom-color-2 u-shape-2\">\n                    <svg class=\"u-svg-link\" preserveAspectRatio=\"none\" viewBox=\"0 0 160 160\" style=\"\"><use xmlns:xlink=\"http:\/\/www.w3.org\/1999\/xlink\" xlink:href=\"#svg-3b91\"><\/use><\/svg>\n                    <svg class=\"u-svg-content\" viewBox=\"0 0 160 160\" x=\"0px\" y=\"0px\" id=\"svg-3b91\" style=\"enable-background:new 0 0 160 160;\"><path d=\"M80,30c27.6,0,50,22.4,50,50s-22.4,50-50,50s-50-22.4-50-50S52.4,30,80,30 M80,0C35.8,0,0,35.8,0,80s35.8,80,80,80\n\ts80-35.8,80-80S124.2,0,80,0L80,0z\"><\/path><\/svg>\n                  <\/div>\n                  <div class=\"u-border-16 u-border-white u-image u-image-circle u-image-2\" data-image-width=\"1920\" data-image-height=\"1080\" style=\"background-image: url(&quot;https:\/\/csapa.sys-develop.fr\/wp-content\/uploads\/2025\/07\/Salon.png&quot;);\"><\/div>\n                <\/div>\n              <\/div>\n            <\/div>\n          <\/div>\n        <\/div>\n      <\/div>\n      \n    <\/section>\n    <section class=\"u-clearfix u-color-var u-section-5\" id=\"Referent_maison_d_arret\">\n      <div class=\"u-clearfix u-sheet u-valign-middle-sm u-sheet-1\">\n        <div class=\"data-layout-selected u-clearfix u-expanded-width u-layout-wrap u-layout-wrap-1\">\n          <div class=\"u-gutter-0 u-layout\">\n            <div class=\"u-layout-col\">\n              <div class=\"u-size-60\">\n                <div class=\"u-layout-row\">\n                  <div class=\"u-align-left u-container-align-left u-container-style u-layout-cell u-left-cell u-size-32 u-layout-cell-1\">\n                    <div class=\"u-container-layout u-valign-top-lg u-valign-top-md u-valign-top-xl u-container-layout-1\">\n                      <h1 class=\"u-custom-font u-font-roboto u-text u-text-color-var u-text-1\"> CSAPA R\u00e9f\u00e9rent de la Maison d\u2019Arr\u00eat d\u2019Evreux<\/h1>\n                      <img decoding=\"async\" class=\"u-align-center-sm u-align-center-xs u-hover-feature u-image u-image-contain u-image-default u-preserve-proportions u-image-1\" src=\"https:\/\/csapa.sys-develop.fr\/wp-content\/uploads\/2024\/04\/symbole162.png\" alt=\"\" data-image-width=\"82\" data-image-height=\"120\">\n                    <\/div>\n                  <\/div>\n                  <div class=\"u-align-justify u-container-align-left u-container-style u-layout-cell u-right-cell u-size-28 u-layout-cell-2\" data-href=\"https:\/\/csapa.sys-develop.fr\/index.php\/nos-services\/referent-de-la-maison-d-arret-evreux\/\" title=\"R\u00e9f\u00e9rent de la Maison d\u2019Arr\u00eat d\u2019Evreux\">\n                    <div class=\"u-container-layout u-valign-bottom u-container-layout-2\">\n                      <p class=\"u-text u-text-2\"><span style=\"--text-color-var: #425465;\" class=\"u-text-color-var\"> En partenariat avec le SPIP, l\u2019administration p\u00e9nitentiaire, les intervenants sp\u00e9cialis\u00e9s en addictologie et les unit\u00e9s sanitaires de la Maison d\u2019arr\u00eat d'Evreux, le CSAPA Parenth\u00e8se&nbsp;intervient aupr\u00e8s des personnes d\u00e9tenues pour am\u00e9liorer l\u2019offre d\u2019accompagnement et de soins et participer \u00e0 la mise en \u0153uvre d\u2019actions de pr\u00e9vention et de R\u00e9duction des Risques et des Dommages aupr\u00e8s des personnes d\u00e9tenues.<br><\/span>\n                      <\/p>\n                      <a href=\"https:\/\/csapa.sys-develop.fr\/index.php\/nos-services\/referent-de-la-maison-d-arret-evreux\/\" class=\"u-active-palette-1-base u-border-none u-btn u-button-style u-hover-palette-1-base u-palette-1-light-1 u-text-hover-white u-text-white u-btn-1\">En savoir plus<\/a>\n                    <\/div>\n                  <\/div>\n                <\/div>\n              <\/div>\n            <\/div>\n          <\/div>\n        <\/div>\n      <\/div>\n      \n    <\/section>\n    <section class=\"u-align-center u-clearfix u-container-align-center u-section-6\" id=\"TAPAJ\">\n      <div class=\"u-clearfix u-sheet u-sheet-1\">\n        <div class=\"data-layout-selected u-clearfix u-expanded-width u-gutter-0 u-layout-wrap u-layout-wrap-1\">\n          <div class=\"u-layout\">\n            <div class=\"u-layout-row\">\n              <div class=\"u-container-style u-layout-cell u-left-cell u-size-30 u-layout-cell-1\">\n                <div class=\"u-container-layout u-container-layout-1\">\n                  <div class=\"u-shape u-shape-svg u-text-custom-color-3 u-shape-1\">\n                    <svg class=\"u-svg-link\" preserveAspectRatio=\"none\" viewBox=\"0 0 160 160\" style=\"\"><use xmlns:xlink=\"http:\/\/www.w3.org\/1999\/xlink\" xlink:href=\"#svg-a0bf\"><\/use><\/svg>\n                    <svg class=\"u-svg-content\" viewBox=\"0 0 160 160\" x=\"0px\" y=\"0px\" id=\"svg-a0bf\" style=\"enable-background:new 0 0 160 160;\"><path d=\"M80,30c27.6,0,50,22.4,50,50s-22.4,50-50,50s-50-22.4-50-50S52.4,30,80,30 M80,0C35.8,0,0,35.8,0,80s35.8,80,80,80\n\ts80-35.8,80-80S124.2,0,80,0L80,0z\"><\/path><\/svg>\n                  <\/div>\n                  <div class=\"u-border-13 u-border-custom-color-1 u-image u-image-circle u-image-1\" data-image-width=\"1208\" data-image-height=\"678\" style=\"background-image: url(&quot;https:\/\/csapa.sys-develop.fr\/wp-content\/uploads\/2025\/07\/TAPAJ.png&quot;);\"><\/div>\n                  <div alt=\"\" class=\"u-align-left u-border-18 u-border-custom-color-3 u-image u-image-circle u-image-2\" data-image-width=\"1204\" data-image-height=\"678\" style=\"background-image: url(&quot;https:\/\/csapa.sys-develop.fr\/wp-content\/uploads\/2025\/07\/TAPAJveste.png&quot;);\"><\/div>\n                  <div class=\"u-palette-1-light-2 u-shape u-shape-circle u-shape-2\"><\/div>\n                <\/div>\n              <\/div>\n              <div class=\"u-container-align-left u-container-style u-layout-cell u-right-cell u-size-30 u-layout-cell-2\" data-href=\"https:\/\/csapa.sys-develop.fr\/index.php\/nos-services\/tapaj\/\" title=\"Tapaj\">\n                <div class=\"u-container-layout u-valign-top-xs u-container-layout-2\">\n                  <h1 class=\"u-align-left u-text u-text-palette-1-light-1 u-text-1\"> TAPAJ<\/h1>\n                  <p class=\"u-align-justify u-text u-text-2\">TAPAJ - Travail Alternatif Pay\u00e9 \u00e0 la journ\u00e9e - est un dispositif de R\u00e9duction des risques qui s'adresse \u00e0 des jeunes de 18 \u00e0 25 ans en situation\u200b de pr\u00e9carit\u00e9 et consommateurs de produits psychoactifs<\/p>\n                  <a href=\"https:\/\/csapa.sys-develop.fr\/index.php\/nos-services\/tapaj\/\" class=\"u-active-palette-1-base u-btn u-button-style u-hover-palette-1-base u-palette-1-light-1 u-btn-1\">EN SAVOIR PLUS<\/a>\n                <\/div>\n              <\/div>\n            <\/div>\n          <\/div>\n        <\/div>\n      <\/div>\n    <\/section>\n    \n    \n    \n  \n","protected":false},"excerpt":{"rendered":"<p>Nos&nbsp;services L&rsquo;offre ambulatoire Accueil et accompagnement Programme de substitution aux Opiac\u00e9s Les soins oblig\u00e9s L&rsquo;aide \u00e0 l&rsquo;arr\u00eat du tabac L\u2019accueil de l\u2019entourage Les activit\u00e9s collectives Pr\u00e9vention et RdRD En savoir plus La Consultation Jeunes Consommateurs Ce dispositif d\u2019aide anonyme et gratuit s\u2019adresse aux jeunes de 12 \u00e0 25 ans ou \u00e0 leur entourage qui souhaitent &hellip; <a href=\"https:\/\/csapa.sys-develop.fr\/index.php\/nos-services\/\" class=\"more-link\">Continue reading<span class=\"screen-reader-text\"> \u00ab\u00a0Nos Services\u00a0\u00bb<\/span><\/a><\/p>\n","protected":false},"author":1,"featured_media":0,"parent":0,"menu_order":2,"comment_status":"closed","ping_status":"closed","template":"","meta":{"footnotes":""},"class_list":["post-48","page","type-page","status-publish","hentry"],"_links":{"self":[{"href":"https:\/\/csapa.sys-develop.fr\/index.php\/wp-json\/wp\/v2\/pages\/48","targetHints":{"allow":["GET"]}}],"collection":[{"href":"https:\/\/csapa.sys-develop.fr\/index.php\/wp-json\/wp\/v2\/pages"}],"about":[{"href":"https:\/\/csapa.sys-develop.fr\/index.php\/wp-json\/wp\/v2\/types\/page"}],"author":[{"embeddable":true,"href":"https:\/\/csapa.sys-develop.fr\/index.php\/wp-json\/wp\/v2\/users\/1"}],"replies":[{"embeddable":true,"href":"https:\/\/csapa.sys-develop.fr\/index.php\/wp-json\/wp\/v2\/comments?post=48"}],"version-history":[{"count":18,"href":"https:\/\/csapa.sys-develop.fr\/index.php\/wp-json\/wp\/v2\/pages\/48\/revisions"}],"predecessor-version":[{"id":1207,"href":"https:\/\/csapa.sys-develop.fr\/index.php\/wp-json\/wp\/v2\/pages\/48\/revisions\/1207"}],"wp:attachment":[{"href":"https:\/\/csapa.sys-develop.fr\/index.php\/wp-json\/wp\/v2\/media?parent=48"}],"curies":[{"name":"wp","href":"https:\/\/api.w.org\/{rel}","templated":true}]}}