{"id":49,"date":"2024-04-17T18:46:21","date_gmt":"2024-04-17T16:46:21","guid":{"rendered":"http:\/\/csapa.sys-develop.fr\/index.php\/nos-missions\/"},"modified":"2025-08-11T15:46:47","modified_gmt":"2025-08-11T13:46:47","slug":"nos-missions","status":"publish","type":"page","link":"https:\/\/csapa.sys-develop.fr\/index.php\/nos-missions\/","title":{"rendered":"Nos missions"},"content":{"rendered":"\n    \n    <section class=\"u-clearfix u-hidden-lg u-hidden-md u-hidden-xl u-section-2\" id=\"sec-94c0\">\n      <div class=\"u-clearfix u-sheet u-sheet-1\">\n        <img decoding=\"async\" class=\"u-image u-image-contain u-image-default u-opacity u-opacity-0 u-preserve-proportions u-image-1\" src=\"https:\/\/csapa.sys-develop.fr\/wp-content\/uploads\/2024\/04\/symbole2.png\" alt=\"\" data-image-width=\"2083\" data-image-height=\"2083\">\n        <h2 class=\"u-align-left u-text u-text-default u-text-white u-text-1\" data-animation-name=\"customAnimationIn\" data-animation-duration=\"1500\">Nos<br>missions \n        <\/h2>\n      <\/div>\n    <\/section>\n    <section class=\"u-align-center-lg u-align-center-md u-align-center-xl u-align-left-sm u-align-left-xs u-clearfix u-custom-color-4 u-section-3\" data-image-width=\"2000\" data-image-height=\"1333\" id=\"sec-156a\">\n      <div class=\"u-clearfix u-sheet u-sheet-1\">\n        <div class=\"data-layout-selected u-clearfix u-expanded-width u-gutter-16 u-layout-wrap u-layout-wrap-1\">\n          <div class=\"u-gutter-0 u-layout\">\n            <div class=\"u-layout-row\">\n              <div class=\"u-size-20 u-size-30-md\">\n                <div class=\"u-layout-col\">\n                  <div class=\"u-align-left u-container-align-left u-container-style u-custom-color-1 u-layout-cell u-left-cell u-radius-25 u-shape-round u-size-20 u-layout-cell-1\">\n                    <div class=\"u-container-layout u-container-layout-1\">\n                      <p class=\"u-custom-item u-text u-text-default-sm u-text-default-xs u-text-white u-text-1\" data-animation-name=\"customAnimationIn\" data-animation-duration=\"1750\" data-animation-delay=\"500\">Accueil, \u00e9coute, information<\/p>\n                      <img decoding=\"async\" class=\"u-image u-image-contain u-image-default u-image-1\" src=\"https:\/\/csapa.sys-develop.fr\/wp-content\/uploads\/2024\/04\/symbole101.png\" alt=\"\" data-image-width=\"30\" data-image-height=\"100\">\n                      <p class=\"u-custom-item u-text u-text-2\">- Accueil t\u00e9l\u00e9phonique ou physique<br>- Entretien de primo-consultation<br>- Soutien et accompagnement de l'entourage\n                      <\/p>\n                    <\/div>\n                  <\/div>\n                  <div class=\"u-align-left u-color-var u-container-align-left u-container-style u-layout-cell u-left-cell u-radius u-shape-round u-size-20 u-layout-cell-2\">\n                    <div class=\"u-container-layout u-container-layout-2\">\n                      <img decoding=\"async\" class=\"u-image u-image-contain u-image-default u-preserve-proportions u-image-2\" src=\"https:\/\/csapa.sys-develop.fr\/wp-content\/uploads\/2024\/04\/symbole153.png\" alt=\"\" data-image-width=\"69\" data-image-height=\"79\" data-animation-name=\"customAnimationIn\" data-animation-duration=\"2000\">\n                      <h3 class=\"u-text u-text-default u-text-white u-text-3\"> Pr\u00e9vention<\/h3>\n                      <div class=\"u-clearfix u-custom-html u-custom-html-1\">\n                        <a name=\"Prevention\"><\/a>\n                      <\/div>\n                      <p class=\"u-text u-text-white u-text-4\">- Interventions aupr\u00e8s de partenaires en milieu scolaire, justice, etc.<\/p>\n                    <\/div>\n                  <\/div>\n                  <div class=\"u-align-left u-container-align-left u-container-style u-custom-color-3 u-layout-cell u-left-cell u-radius-25 u-shape-round u-size-20 u-layout-cell-3\">\n                    <div class=\"u-container-layout u-container-layout-3\">\n                      <div class=\"u-clearfix u-custom-html u-custom-html-2\">\n                        <a name=\"Reduction_risques_et_dommages\"><\/a>\n                      <\/div>\n                      <h3 class=\"u-text u-text-white u-text-5\"> R\u00e9duction des Risques et Dommages (RdRD)<\/h3>\n                      <img decoding=\"async\" class=\"u-image u-image-contain u-image-default u-preserve-proportions u-image-3\" src=\"https:\/\/csapa.sys-develop.fr\/wp-content\/uploads\/2024\/04\/symbole112.png\" alt=\"\" data-image-width=\"63\" data-image-height=\"87\">\n                      <p class=\"u-text u-text-white u-text-6\"> - Accompagnement et mise \u00e0 disposition de mat\u00e9riel de RdR<br>- D\u00e9pistage VIH, VHB et VHC&nbsp;<br>- Dispositif TAPAJ <br>\n                      <\/p>\n                    <\/div>\n                  <\/div>\n                <\/div>\n              <\/div>\n              <div class=\"u-size-17-lg u-size-17-xl u-size-19-sm u-size-19-xs u-size-30-md\">\n                <div class=\"u-layout-row\">\n                  <div class=\"u-align-left u-container-align-left u-container-style u-hidden-sm u-hidden-xs u-layout-cell u-size-60 u-layout-cell-4\" src=\"\">\n                    <div class=\"u-container-layout u-container-layout-4\" src=\"\">\n                      <img decoding=\"async\" class=\"u-image u-image-contain u-image-default u-preserve-proportions u-image-4\" src=\"https:\/\/csapa.sys-develop.fr\/wp-content\/uploads\/2024\/04\/symbole2.png\" alt=\"\" data-image-width=\"2083\" data-image-height=\"2083\">\n                      <h2 class=\"u-align-left u-text u-text-default u-text-7\" data-animation-name=\"customAnimationIn\" data-animation-duration=\"1500\">Nos<br>missions \n                      <\/h2>\n                    <\/div>\n                  <\/div>\n                <\/div>\n              <\/div>\n              <div class=\"u-size-21-sm u-size-21-xs u-size-23-lg u-size-23-xl u-size-60-md\">\n                <div class=\"u-layout-col\">\n                  <div class=\"u-align-left u-container-align-left u-container-style u-custom-color-1 u-layout-cell u-radius-25 u-right-cell u-shape-round u-size-20 u-layout-cell-5\">\n                    <div class=\"u-container-layout u-container-layout-5\">\n                      <h3 class=\"u-text u-text-default u-text-8\"> Orientation<\/h3>\n                      <img decoding=\"async\" class=\"u-image u-image-contain u-image-default u-preserve-proportions u-image-5\" src=\"https:\/\/csapa.sys-develop.fr\/wp-content\/uploads\/2024\/04\/symbole142.png\" alt=\"\" data-image-width=\"61\" data-image-height=\"94\">\n                      <p class=\"u-text u-text-9\">- Prise en charge au sein du CSAPA Parenth\u00e8se, ou orientation vers d'autres partenaires<\/p>\n                    <\/div>\n                  <\/div>\n                  <div class=\"u-align-left u-color-var u-container-align-left u-container-style u-layout-cell u-radius u-right-cell u-shading u-shape-round u-size-20 u-layout-cell-6\">\n                    <div class=\"u-container-layout u-valign-top u-container-layout-6\">\n                      <div class=\"u-clearfix u-custom-html u-custom-html-3\">\n                        <a name=\"Evaluation_medico_psycho_sociale\"><\/a>\n                      <\/div>\n                      <h3 class=\"u-text u-text-10\">Evaluation m\u00e9dico-psycho-sociale<\/h3>\n                      <img decoding=\"async\" class=\"u-image u-image-contain u-image-default u-preserve-proportions u-image-6\" src=\"https:\/\/csapa.sys-develop.fr\/wp-content\/uploads\/2024\/04\/symbole163.png\" alt=\"\" data-image-width=\"82\" data-image-height=\"116\">\n                      <p class=\"u-text u-text-11\">Par une \u00e9quipe pluridisciplinaire :<br>- Infirmiers<br>- M\u00e9decins<br>- Psychologues<br>- Travailleurs sociaux<br>- Une assistante administrative<br>- Une coordinatrice\n                      <\/p>\n                    <\/div>\n                  <\/div>\n                  <div class=\"u-align-left u-container-align-left u-container-style u-custom-color-1 u-layout-cell u-radius-25 u-right-cell u-size-20 u-layout-cell-7\">\n                    <div class=\"u-container-layout u-valign-bottom-xs u-container-layout-7\">\n                      <div class=\"u-clearfix u-custom-html u-custom-html-4\">\n                        <a name=\"Soins_et_accompagnement\"><\/a>\n                      <\/div>\n                      <h3 class=\"u-text u-text-default-sm u-text-default-xs u-text-12\"> Soins et accompagneme\u200b\u200bnt<\/h3>\n                      <img decoding=\"async\" class=\"u-image u-image-contain u-image-default u-preserve-proportions u-image-7\" src=\"https:\/\/csapa.sys-develop.fr\/wp-content\/uploads\/2024\/04\/symbole122.png\" alt=\"\" data-image-width=\"66\" data-image-height=\"116\" data-animation-name=\"customAnimationIn\" data-animation-duration=\"1000\">\n                      <p class=\"u-text u-text-13\"> - Prise en charge pluridisciplinaire<br>- Centre de d\u00e9livrance M\u00e9thadone<br>- Prescription de traitements de substitution aux opiac\u00e9s<br>- Consultations tabacologiques<br>- Suivi dans le cadre des obligations de soins<br>...\n                      <\/p>\n                    <\/div>\n                  <\/div>\n                <\/div>\n              <\/div>\n            <\/div>\n          <\/div>\n        <\/div>\n      <\/div>\n    <\/section>\n    <section class=\"u-clearfix u-section-4\" id=\"sec-e8b2\">\n      <div class=\"u-clearfix u-sheet u-sheet-1\"><\/div>\n    <\/section>\n    \n    \n    \n  \n","protected":false},"excerpt":{"rendered":"<p>Nosmissions Accueil, \u00e9coute, information &#8211; Accueil t\u00e9l\u00e9phonique ou physique- Entretien de primo-consultation- Soutien et accompagnement de l&rsquo;entourage Pr\u00e9vention &#8211; Interventions aupr\u00e8s de partenaires en milieu scolaire, justice, etc. R\u00e9duction des Risques et Dommages (RdRD) &#8211; Accompagnement et mise \u00e0 disposition de mat\u00e9riel de RdR- D\u00e9pistage VIH, VHB et VHC&nbsp;&#8211; Dispositif TAPAJ Nosmissions Orientation &#8211; Prise &hellip; <a href=\"https:\/\/csapa.sys-develop.fr\/index.php\/nos-missions\/\" class=\"more-link\">Continue reading<span class=\"screen-reader-text\"> \u00ab\u00a0Nos missions\u00a0\u00bb<\/span><\/a><\/p>\n","protected":false},"author":1,"featured_media":0,"parent":0,"menu_order":3,"comment_status":"closed","ping_status":"closed","template":"","meta":{"footnotes":""},"class_list":["post-49","page","type-page","status-publish","hentry"],"_links":{"self":[{"href":"https:\/\/csapa.sys-develop.fr\/index.php\/wp-json\/wp\/v2\/pages\/49","targetHints":{"allow":["GET"]}}],"collection":[{"href":"https:\/\/csapa.sys-develop.fr\/index.php\/wp-json\/wp\/v2\/pages"}],"about":[{"href":"https:\/\/csapa.sys-develop.fr\/index.php\/wp-json\/wp\/v2\/types\/page"}],"author":[{"embeddable":true,"href":"https:\/\/csapa.sys-develop.fr\/index.php\/wp-json\/wp\/v2\/users\/1"}],"replies":[{"embeddable":true,"href":"https:\/\/csapa.sys-develop.fr\/index.php\/wp-json\/wp\/v2\/comments?post=49"}],"version-history":[{"count":17,"href":"https:\/\/csapa.sys-develop.fr\/index.php\/wp-json\/wp\/v2\/pages\/49\/revisions"}],"predecessor-version":[{"id":897,"href":"https:\/\/csapa.sys-develop.fr\/index.php\/wp-json\/wp\/v2\/pages\/49\/revisions\/897"}],"wp:attachment":[{"href":"https:\/\/csapa.sys-develop.fr\/index.php\/wp-json\/wp\/v2\/media?parent=49"}],"curies":[{"name":"wp","href":"https:\/\/api.w.org\/{rel}","templated":true}]}}