{"id":50,"date":"2024-04-17T18:46:22","date_gmt":"2024-04-17T16:46:22","guid":{"rendered":"http:\/\/csapa.sys-develop.fr\/index.php\/accueil\/"},"modified":"2026-03-31T16:50:06","modified_gmt":"2026-03-31T14:50:06","slug":"accueil","status":"publish","type":"page","link":"https:\/\/csapa.sys-develop.fr\/","title":{"rendered":"Accueil"},"content":{"rendered":"\n    \n    <section class=\"u-clearfix u-custom-color-4 u-section-2\" id=\"carousel_ed70\">\n      <div class=\"u-clearfix u-sheet u-valign-top-lg u-valign-top-md u-valign-top-sm u-valign-top-xs u-sheet-1\">\n        <img decoding=\"async\" class=\"u-image u-image-contain u-image-default u-preserve-proportions u-image-1\" src=\"https:\/\/csapa.sys-develop.fr\/wp-content\/uploads\/2024\/04\/symbole18.png\" alt=\"\" data-image-width=\"2083\" data-image-height=\"2083\">\n        <p class=\"u-text u-text-1\"><span style=\"font-size: 3rem;\">agir&nbsp;<\/span><span style=\"font-size: 1.875rem;\">sur&nbsp;les addictions <\/span>\n        <\/p>\n        <img decoding=\"async\" class=\"u-image u-image-contain u-image-default u-preserve-proportions u-image-2\" src=\"https:\/\/csapa.sys-develop.fr\/wp-content\/uploads\/2024\/04\/symbole17.png\" alt=\"\" data-image-width=\"2083\" data-image-height=\"2083\">\n        <p class=\"u-text u-text-custom-color-2 u-text-default u-text-2\">tabac, alcool, cannabis,<br>h\u00e9ro\u00efne, coca\u00efne, m\u00e9dicaments,<br>jeux d'argent, internet... \n        <\/p>\n        <div class=\"u-rotation-parent u-rotation-parent-1\">\n          <img decoding=\"async\" class=\"u-image u-image-contain u-image-default u-preserve-proportions u-image-3\" src=\"https:\/\/csapa.sys-develop.fr\/wp-content\/uploads\/2024\/04\/symbole17.png\" alt=\"\" data-image-width=\"2083\" data-image-height=\"2083\">\n        <\/div>\n      <\/div>\n    <\/section>\n    <section class=\"u-clearfix u-custom-color-4 u-section-3\" id=\"carousel_5d8a\">\n      <div class=\"u-clearfix u-sheet u-sheet-1\">\n        <div class=\"custom-expanded u-container-style u-group u-radius-20 u-shape-round u-white u-group-1\" data-animation-name=\"customAnimationIn\" data-animation-duration=\"4000\">\n          <div class=\"u-container-layout u-container-layout-1\">\n            <h1 class=\"u-align-center u-hover-feature u-text u-text-custom-color-1 u-text-1\">Pour qui ?<\/h1>\n            <p class=\"u-align-justify u-text u-text-custom-color-1 u-text-2\"><span style=\"font-weight: 700;\">\n                <br><\/span><span style=\"font-weight: 700;\">Le CSAPA Parenth\u00e8se s\u2019adresse \u00e0 toute personne pr\u00e9sentant une probl\u00e9matique addictive (avec ou sans produit), \u00e0 son entourage ou \u00e0 tout professionnel concern\u00e9 par le sujet.<\/span>\n              <br>\n            <\/p>\n          <\/div>\n        <\/div>\n        <div class=\"custom-expanded u-align-left u-container-align-left u-container-style u-group u-radius-20 u-shape-round u-white u-group-2\" data-animation-name=\"customAnimationIn\" data-animation-duration=\"3750\" data-href=\"https:\/\/csapa.sys-develop.fr\/index.php\/nos-missions\/\">\n          <div class=\"u-container-layout u-container-layout-2\">\n            <h1 class=\"u-align-center u-text u-text-custom-color-1 u-text-3\"> Nos missions<\/h1>\n            <img decoding=\"async\" class=\"u-hover-feature u-image u-image-contain u-image-default u-preserve-proportions u-image-1\" src=\"https:\/\/csapa.sys-develop.fr\/wp-content\/uploads\/2024\/04\/symbole102.png\" alt=\"\" data-image-width=\"30\" data-image-height=\"95\">\n            <p class=\"u-text u-text-custom-color-1 u-text-default u-text-4\">Accueil, \u00e9coute, information<\/p>\n            <img decoding=\"async\" class=\"u-hover-feature u-image u-image-contain u-image-default u-preserve-proportions u-image-2\" src=\"https:\/\/csapa.sys-develop.fr\/wp-content\/uploads\/2024\/04\/symbole162.png\" alt=\"\" data-image-width=\"82\" data-image-height=\"120\">\n            <p class=\"u-text u-text-custom-color-2 u-text-default u-text-5\">Evaluation m\u00e9dico-psycho-sociale<\/p>\n            <img decoding=\"async\" class=\"u-hover-feature u-image u-image-contain u-image-default u-preserve-proportions u-image-3\" src=\"https:\/\/csapa.sys-develop.fr\/wp-content\/uploads\/2024\/04\/symbole143.png\" alt=\"\" data-image-width=\"67\" data-image-height=\"99\">\n            <p class=\"u-text u-text-custom-color-1 u-text-default u-text-6\">Orientation<\/p>\n            <p class=\"u-text u-text-color-var u-text-default u-text-7\">Soins et accompagnement<\/p>\n            <img decoding=\"async\" class=\"u-hover-feature u-image u-image-contain u-image-default u-preserve-proportions u-image-4\" src=\"https:\/\/csapa.sys-develop.fr\/wp-content\/uploads\/2024\/04\/symbole11.svg\" alt=\"\" data-image-width=\"108\" data-image-height=\"150\">\n            <img decoding=\"async\" class=\"u-hover-feature u-image u-image-contain u-image-default u-preserve-proportions u-image-5\" src=\"https:\/\/csapa.sys-develop.fr\/wp-content\/uploads\/2024\/04\/symbole12.svg\" alt=\"\" data-image-width=\"84\" data-image-height=\"150\">\n            <p class=\"u-text u-text-color-var u-text-8\">R\u00e9duction des Risques et des Dommages<\/p>\n            <p class=\"u-text u-text-custom-color-3 u-text-default u-text-9\">Pr\u00e9vention<\/p>\n            <img decoding=\"async\" class=\"u-hover-feature u-image u-image-contain u-image-default u-preserve-proportions u-image-6\" src=\"https:\/\/csapa.sys-develop.fr\/wp-content\/uploads\/2024\/04\/symbole152.png\" alt=\"\" data-image-width=\"72\" data-image-height=\"82\">\n          <\/div>\n        <\/div>\n        <div class=\"u-rotation-parent u-rotation-parent-1\">\n          <img decoding=\"async\" class=\"u-image u-image-contain u-image-default u-preserve-proportions u-image-7\" src=\"https:\/\/csapa.sys-develop.fr\/wp-content\/uploads\/2024\/04\/symbole18.png\" alt=\"\" data-image-width=\"2083\" data-image-height=\"2083\">\n        <\/div>\n        <div class=\"u-container-style u-group u-hidden u-radius-20 u-shape-round u-white u-group-3\" data-animation-name=\"customAnimationIn\" data-animation-duration=\"4000\">\n          <div class=\"u-container-layout u-valign-bottom u-container-layout-3\">\n            <h1 class=\"u-align-center u-text u-text-custom-color-1 u-text-10\"> Nos services<\/h1>\n            <p class=\"u-align-left u-text u-text-custom-color-2 u-text-11\">\n              <a class=\"u-active-none u-border-none u-btn u-button-link u-button-style u-hover-none u-none u-text-custom-color-6 u-text-hover-custom-color-6 u-btn-1\" data-href=\"https:\/\/csapa.sys-develop.fr\/index.php\/nos-services\/offre-ambulatoire\/\"><span class=\"u-icon u-icon-1\"><svg class=\"u-svg-content\" viewBox=\"0 0 226 248\" style=\"fill-rule: evenodd; clip-rule: evenodd; stroke-linejoin: round; stroke-miterlimit: 2; width: 1em; height: 1em;\"><g transform=\"matrix(4.16667,0,0,4.16667,112.812,49.0333)\"><path d=\"M0,35.884L5.85,33.156C6.806,29.275 7.372,25.078 7.372,20.511C7.372,6.835 2.372,-3.609 -3.365,-11.768L-7.406,-9.341C-1.081,-0.593 2.149,8.158 2.149,20.511C2.149,26.312 1.41,31.3 0,35.884M21.818,20.511C21.818,22.367 21.722,24.118 21.576,25.823L26.965,23.31C27.012,22.391 27.042,21.461 27.042,20.511C27.042,6.835 22.041,-3.609 16.305,-11.768L12.262,-9.341C18.588,-0.593 21.818,8.158 21.818,20.511M-27.075,-9.341C-20.75,-0.593 -17.519,8.158 -17.519,20.511C-17.519,31.592 -20.139,39.77 -25.237,47.652L-17.899,44.23C-14.613,37.619 -12.296,29.815 -12.296,20.511C-12.296,6.835 -17.297,-3.609 -23.033,-11.768L-27.075,-9.341Z\" style=\"fill:rgb(241,94,39);fill-rule:nonzero;\"><\/path>\n<\/g><\/svg><\/span>&nbsp;\u200b \u200bL'offre amb\u200bulatoire \n              <\/a>\n            <\/p>\n            <p class=\"u-align-left u-text u-text-custom-color-1 u-text-12\">\n              <a class=\"u-active-none u-border-none u-btn u-button-link u-button-style u-hover-none u-none u-text-custom-color-7 u-text-hover-custom-color-7 u-btn-2\" data-href=\"https:\/\/csapa.sys-develop.fr\/index.php\/nos-services\/referent-de-la-maison-d-arret-evreux\/\"><span class=\"u-icon u-icon-2\"><svg class=\"u-svg-content\" viewBox=\"0 0 630 330\" style=\"fill-rule: evenodd; clip-rule: evenodd; stroke-linejoin: round; stroke-miterlimit: 2; width: 1em; height: 1em;\"><g transform=\"matrix(4.16667,0,0,4.16667,342.175,88.7292)\"><path d=\"M0,-21.295C-12.605,-12.181 -25.215,-7.526 -43.015,-7.526C-58.981,-7.526 -70.764,-11.3 -82.122,-18.647L-77.191,-8.072C-67.665,-3.338 -56.421,0 -43.015,0C-23.308,0 -8.26,-7.205 3.497,-15.471L0,-21.295Z\" style=\"fill:rgb(241,94,39);fill-rule:nonzero;\"><\/path>\n<\/g><g transform=\"matrix(4.16667,0,0,4.16667,615.292,225.643)\"><path d=\"M0,0.88C-22.547,-8.862 -43.577,-11.729 -71.016,-5.646C-95.629,-0.189 -112.504,9.656 -127.503,24.863L-123.515,6.877C-110.448,-3.677 -94.255,-12.666 -73.588,-17.247C-43.208,-23.983 -17.549,-18.017 3.4,-9.294L0,0.88Z\" style=\"fill:rgb(39,89,103);fill-rule:nonzero;\"><\/path>\n<\/g><\/svg><\/span>&nbsp;\u200b&nbsp;\u200b\u200b\u200bL'intervention en milieu carc\u00e9ral\n              <\/a>\n            <\/p>\n            <p class=\"u-align-left u-text u-text-custom-color-5 u-text-13\">\n              <a class=\"u-active-none u-border-none u-btn u-button-link u-button-style u-hover-none u-none u-text-custom-color-5 u-text-hover-custom-color-5 u-btn-3\" data-href=\"https:\/\/csapa.sys-develop.fr\/index.php\/srv_consul_jeunes_conso\/\"><span class=\"u-icon u-icon-3\"><svg class=\"u-svg-content\" viewBox=\"0 0 226 225\" style=\"fill-rule: evenodd; clip-rule: evenodd; stroke-linejoin: round; stroke-miterlimit: 2; width: 1em; height: 1em;\"><g transform=\"matrix(4.16667,0,0,4.16667,20.65,224.438)\"><path d=\"M0,-53.865C3.027,-47.592 4.6,-40.8 4.6,-32.283C4.6,-19.927 1.369,-11.179 -4.956,-2.427L-0.914,0C4.822,-8.164 9.823,-18.606 9.823,-32.283C9.823,-39.277 8.511,-45.42 6.466,-50.85L0,-53.865ZM38.424,0C43.972,-7.895 48.817,-17.931 49.131,-30.955L43.9,-33.394C43.906,-33.017 43.938,-32.667 43.938,-32.283C43.938,-19.927 40.707,-11.179 34.382,-2.427L38.424,0ZM29.492,-32.283C29.492,-35.129 29.265,-37.828 28.87,-40.403L23.265,-43.016C23.908,-39.714 24.269,-36.193 24.269,-32.283C24.269,-19.927 21.038,-11.179 14.713,-2.427L18.755,0C24.492,-8.164 29.492,-18.606 29.492,-32.283\" style=\"fill:rgb(39,89,103);fill-rule:nonzero;\"><\/path>\n<\/g><\/svg><\/span>&nbsp;\u200b&nbsp;\u200b\u200b\u200bLa Consultation Jeunes Consommateurs \n              <\/a>\n            <\/p>\n            <p class=\"u-align-left u-text u-text-custom-color-3 u-text-14\">\n              <a class=\"u-active-none u-border-none u-btn u-button-link u-button-style u-hover-none u-none u-text-hover-palette-3-base u-text-palette-3-base u-btn-4\" href=\"https:\/\/csapa.sys-develop.fr\/index.php\/nos-services\/hebergement-en-appartment-therapeutique\/\"><span class=\"u-file-icon u-icon u-icon-4\"><img decoding=\"async\" src=\"https:\/\/csapa.sys-develop.fr\/wp-content\/uploads\/2024\/04\/symbole20.png\" alt=\"\"><\/span>&nbsp;\u200b&nbsp; <span style=\"font-weight: 400;\"><\/span>Les appartements th\u00e9rapeutiques\n              <\/a>\n            <\/p>\n          <\/div>\n        <\/div>\n        <div class=\"custom-expanded u-container-style u-group u-radius-20 u-shape-round u-white u-group-4\" data-animation-name=\"customAnimationIn\" data-animation-duration=\"4000\">\n          <div class=\"u-container-layout u-container-layout-4\">\n            <h1 class=\"u-align-center u-text u-text-custom-color-1 u-text-15\"> Nos engagements<br>&nbsp;et nos valeurs \n            <\/h1>\n            <p class=\"u-align-left u-text u-text-custom-color-3 u-text-16\"><span class=\"u-icon u-icon-5\"><svg class=\"u-svg-content\" viewBox=\"0 0 226 249\" style=\"fill-rule: evenodd; clip-rule: evenodd; stroke-linejoin: round; stroke-miterlimit: 2; width: 1em; height: 1em;\"><g transform=\"matrix(4.16667,0,0,4.16667,112.871,199.258)\"><path d=\"M0,-36.008L-5.856,-33.277C-6.837,-29.351 -7.42,-25.1 -7.42,-20.469C-7.42,-6.792 -2.419,3.651 3.317,11.814L7.359,9.387C1.034,0.635 -2.197,-8.113 -2.197,-20.469C-2.197,-26.338 -1.444,-31.379 0,-36.008M-21.866,-20.469C-21.866,-22.38 -21.761,-24.18 -21.607,-25.932L-27.003,-23.416C-27.054,-22.449 -27.089,-21.47 -27.089,-20.469C-27.089,-6.792 -22.089,3.651 -16.352,11.814L-12.31,9.387C-18.635,0.635 -21.866,-8.113 -21.866,-20.469M25.336,-47.822L17.941,-44.374C14.606,-37.725 12.249,-29.859 12.249,-20.469C12.249,-6.792 17.249,3.651 22.986,11.814L27.028,9.387C20.703,0.635 17.472,-8.113 17.472,-20.469C17.472,-31.648 20.145,-39.875 25.336,-47.822\" style=\"fill:rgb(253,184,36);fill-rule:nonzero;\"><\/path>\n<\/g><\/svg><\/span>&nbsp;\u200b&nbsp;Des consultations gratuites \n            <\/p>\n            <p class=\"u-align-left u-text u-text-custom-color-2 u-text-17\"><span class=\"u-icon u-icon-6\"><svg class=\"u-svg-content\" viewBox=\"0 0 226 248\" style=\"fill-rule: evenodd; clip-rule: evenodd; stroke-linejoin: round; stroke-miterlimit: 2; width: 1em; height: 1em;\"><g transform=\"matrix(4.16667,0,0,4.16667,112.812,49.0333)\"><path d=\"M0,35.884L5.85,33.156C6.806,29.275 7.372,25.078 7.372,20.511C7.372,6.835 2.372,-3.609 -3.365,-11.768L-7.406,-9.341C-1.081,-0.593 2.149,8.158 2.149,20.511C2.149,26.312 1.41,31.3 0,35.884M21.818,20.511C21.818,22.367 21.722,24.118 21.576,25.823L26.965,23.31C27.012,22.391 27.042,21.461 27.042,20.511C27.042,6.835 22.041,-3.609 16.305,-11.768L12.262,-9.341C18.588,-0.593 21.818,8.158 21.818,20.511M-27.075,-9.341C-20.75,-0.593 -17.519,8.158 -17.519,20.511C-17.519,31.592 -20.139,39.77 -25.237,47.652L-17.899,44.23C-14.613,37.619 -12.296,29.815 -12.296,20.511C-12.296,6.835 -17.297,-3.609 -23.033,-11.768L-27.075,-9.341Z\" style=\"fill:rgb(241,94,39);fill-rule:nonzero;\"><\/path>\n<\/g><\/svg><\/span>&nbsp;\u200b&nbsp;Confidentialit\u00e9 et anonymat \n            <\/p>\n            <p class=\"u-align-left u-text u-text-custom-color-4 u-text-18\"><span class=\"u-icon u-icon-7\"><svg class=\"u-svg-content\" viewBox=\"0 0 226 225\" style=\"fill-rule: evenodd; clip-rule: evenodd; stroke-linejoin: round; stroke-miterlimit: 2; width: 1em; height: 1em;\"><g transform=\"matrix(4.16667,0,0,4.16667,20.65,224.438)\"><path d=\"M0,-53.865C3.027,-47.592 4.6,-40.8 4.6,-32.283C4.6,-19.927 1.369,-11.179 -4.956,-2.427L-0.914,0C4.822,-8.164 9.823,-18.606 9.823,-32.283C9.823,-39.277 8.511,-45.42 6.466,-50.85L0,-53.865ZM38.424,0C43.972,-7.895 48.817,-17.931 49.131,-30.955L43.9,-33.394C43.906,-33.017 43.938,-32.667 43.938,-32.283C43.938,-19.927 40.707,-11.179 34.382,-2.427L38.424,0ZM29.492,-32.283C29.492,-35.129 29.265,-37.828 28.87,-40.403L23.265,-43.016C23.908,-39.714 24.269,-36.193 24.269,-32.283C24.269,-19.927 21.038,-11.179 14.713,-2.427L18.755,0C24.492,-8.164 29.492,-18.606 29.492,-32.283\" style=\"fill:rgb(39,89,103);fill-rule:nonzero;\"><\/path>\n<\/g><\/svg><\/span>&nbsp;\u200b&nbsp;Un projet de soins co-construit&nbsp;\n            <\/p>\n          <\/div>\n        <\/div>\n      <\/div>\n      \n      \n      \n      \n      \n      \n      \n      \n      \n      \n      \n      \n      \n      \n    <\/section>\n    \n    \n    \n  \n","protected":false},"excerpt":{"rendered":"<p>agir&nbsp;sur&nbsp;les addictions tabac, alcool, cannabis,h\u00e9ro\u00efne, coca\u00efne, m\u00e9dicaments,jeux d&rsquo;argent, internet&#8230; Pour qui ? Le CSAPA Parenth\u00e8se s\u2019adresse \u00e0 toute personne pr\u00e9sentant une probl\u00e9matique addictive (avec ou sans produit), \u00e0 son entourage ou \u00e0 tout professionnel concern\u00e9 par le sujet. Nos missions Accueil, \u00e9coute, information Evaluation m\u00e9dico-psycho-sociale Orientation Soins et accompagnement R\u00e9duction des Risques et des Dommages &hellip; <a href=\"https:\/\/csapa.sys-develop.fr\/\" class=\"more-link\">Continue reading<span class=\"screen-reader-text\"> \u00ab\u00a0Accueil\u00a0\u00bb<\/span><\/a><\/p>\n","protected":false},"author":1,"featured_media":0,"parent":0,"menu_order":4,"comment_status":"closed","ping_status":"closed","template":"","meta":{"footnotes":""},"class_list":["post-50","page","type-page","status-publish","hentry"],"_links":{"self":[{"href":"https:\/\/csapa.sys-develop.fr\/index.php\/wp-json\/wp\/v2\/pages\/50","targetHints":{"allow":["GET"]}}],"collection":[{"href":"https:\/\/csapa.sys-develop.fr\/index.php\/wp-json\/wp\/v2\/pages"}],"about":[{"href":"https:\/\/csapa.sys-develop.fr\/index.php\/wp-json\/wp\/v2\/types\/page"}],"author":[{"embeddable":true,"href":"https:\/\/csapa.sys-develop.fr\/index.php\/wp-json\/wp\/v2\/users\/1"}],"replies":[{"embeddable":true,"href":"https:\/\/csapa.sys-develop.fr\/index.php\/wp-json\/wp\/v2\/comments?post=50"}],"version-history":[{"count":21,"href":"https:\/\/csapa.sys-develop.fr\/index.php\/wp-json\/wp\/v2\/pages\/50\/revisions"}],"predecessor-version":[{"id":1328,"href":"https:\/\/csapa.sys-develop.fr\/index.php\/wp-json\/wp\/v2\/pages\/50\/revisions\/1328"}],"wp:attachment":[{"href":"https:\/\/csapa.sys-develop.fr\/index.php\/wp-json\/wp\/v2\/media?parent=50"}],"curies":[{"name":"wp","href":"https:\/\/api.w.org\/{rel}","templated":true}]}}